{"id":15,"date":"2021-12-15T08:20:46","date_gmt":"2021-12-15T07:20:46","guid":{"rendered":"http:\/\/bialydunajec.com.pl\/dla-turysty\/?page_id=15"},"modified":"2022-04-25T12:13:02","modified_gmt":"2022-04-25T10:13:02","slug":"solectwa","status":"publish","type":"page","link":"http:\/\/bialydunajec.com.pl\/dla-turysty\/poznaj-nasza-gmine\/solectwa\/","title":{"rendered":"So\u0142ectwa"},"content":{"rendered":"\n<div style=\"height:10px\" aria-hidden=\"true\" class=\"wp-block-spacer\"><\/div>\n\n\n\n<p><strong>W sk\u0142ad gminy Bia\u0142y Dunajec<\/strong> \u2013 licz\u0105cej ponad 7 tysi\u0119cy mieszka\u0144c\u00f3w i 35,5 km kwadratowych powierzchni \u2013 wchodzi <strong>pi\u0119\u0107 so\u0142ectw:<\/strong> Bia\u0142y Dunajec, Gliczar\u00f3w G\u00f3rny, Gliczar\u00f3w Dolny, Leszczyny i Sierockie. Gliczar\u00f3w G\u00f3rny i Gliczar\u00f3w Dolny to wsie po\u0142o\u017cone na Pog\u00f3rzu Spiskim, za\u015b Leszczyny i Sierockie znajduj\u0105 si\u0119 na Pog\u00f3rzu Guba\u0142owskim.<\/p>\n\n\n\n<div style=\"height:15px\" aria-hidden=\"true\" class=\"wp-block-spacer\"><\/div>\n\n\n\n<h5 class=\"wp-block-heading\"><strong>Bia\u0142y Dunajec<\/strong><\/h5>\n\n\n\n<p>Centrum administracyjne gminy. Pierwsze wzmianki na temat Bia\u0142ego Dunajca pojawiaj\u0105 si\u0119 w 1564 r. Akt za\u0142o\u017cycielski (lokacyjny) wsi Bia\u0142y Dunajec zosta\u0142 wystawiony pi\u0119tna\u015bcie lat p\u00f3\u017aniej \u2013 23 lutego 1579 roku przez starost\u0119 kr\u00f3lewskiego. Przez lata wie\u015b by\u0142a najwi\u0119ksz\u0105 osad\u0105 na przedg\u00f3rzu Tatr \u2013 a\u017c do zaludnienia i usamodzielnienia si\u0119 kolejnych miejscowo\u015bci. Szybki rozw\u00f3j Bia\u0142ego Dunajca nast\u0105pi\u0142 w okresie mi\u0119dzywojennym, kiedy to powsta\u0142a fabryka tektury (1919 r.) i bia\u0142odunajecka parafia (1938 r.). Ten wybuch spo\u0142ecznej energii po odzyskaniu niepodleg\u0142o\u015bci zosta\u0142 szybko przyt\u0142umiony w mrocznych czasach okupacji niemieckiej. Jak w ca\u0142ej Polsce najwybitniejsi i najbardziej rzutcy przedstawiciele lokalnej spo\u0142eczno\u015bci zostali aresztowani, osadzeni w obozach, wielu z nich zgin\u0119\u0142o. <\/p>\n\n\n\n<p>Lata powojenne to czas rozwoju instytucji kulturalnych, a tak\u017ce stopniowej zmiany charakteru miejscowo\u015bci, odchodzenia od tradycyjnych zaj\u0119\u0107 ludno\u015bci g\u00f3ralskiej, jakimi by\u0142y pasterstwo i rolnictwo, na rzecz pracy w przemy\u015ble oraz w coraz wi\u0119kszym stopniu organizowaniu nocleg\u00f3w dla turyst\u00f3w. Przez pewien czas Bia\u0142y Dunajec \u201especjalizowa\u0142\u201d si\u0119 w przyjmowaniu grup kolonijnych; dzisiaj jego oferta jest znacznie bogatsza \u2013 dzia\u0142a tutaj wiele pensjonat\u00f3w i hoteli, rozwija si\u0119 sie\u0107 punkt\u00f3w gastronomicznych. Blisko\u015b\u0107 Tatr, Gorc\u00f3w, Pienin, Beskid\u00f3w z Babi\u0105 G\u00f3r\u0105, \u0142atwo\u015b\u0107 dojazdu do okolicznych stacji narciarskich i basen\u00f3w z wodami geotermalnymi powoduj\u0105, \u017ce Bia\u0142y Dunajec z okolicami jest znakomit\u0105 baz\u0105 wypadow\u0105 dla mi\u0142o\u015bnik\u00f3w Podhala.<\/p>\n\n\n\n<div style=\"height:15px\" aria-hidden=\"true\" class=\"wp-block-spacer\"><\/div>\n\n\n\n<h5 class=\"wp-block-heading\"><strong>Gliczar\u00f3w (Dolny i G\u00f3rny)<\/strong><\/h5>\n\n\n\n<p>Gliczar\u00f3w jest jedn\u0105 z najpi\u0119kniej po\u0142o\u017conych wsi w pa\u015bmie Pog\u00f3rza Spisko-Guba\u0142owskiego, a dok\u0142adnie jego cz\u0119\u015bci zwanej Pog\u00f3rzem Bukowi\u0144skim (inaczej Gliczarowskim) , rozci\u0105gaj\u0105cym si\u0119 mi\u0119dzy dolin\u0105 Bia\u0142ego Dunajca na zachodzie a dolin\u0105 Bia\u0142ki na wschodzie Jego powstanie datowane jest na lata dwudzieste XVII wieku, kiedy starosta nowotarski Stanis\u0142aw Witowski prowadzi\u0142 na Podhalu intensywn\u0105 akcj\u0119 kolonizacyjn\u0105, zak\u0142adaj\u0105c kilkana\u015bcie miejscowo\u015bci. Zasad\u017ac\u0105 wsi by\u0142 Marcin Bafia, kt\u00f3rego syn Andrzej otrzyma\u0142 z r\u0105k kr\u00f3la Jana Kazimierza przywilej na so\u0142ectwo w \u201eGleycarowie\u201d.Wie\u015b lokowana by\u0142a na prawie wo\u0142oskim, co \u015bwiadczy o tym, \u017ce jego pierwsi mieszka\u0144cy zajmowali si\u0119 g\u0142\u00f3wnie hodowl\u0105 owiec. Po drugiej wojnie \u015bwiatowej wie\u015b zosta\u0142a administracyjnie podzielona na dwie cz\u0119\u015bci: Gliczar\u00f3w Dolny i Gliczar\u00f3w G\u00f3rny. Lata powojenne przynios\u0142y ich szybki rozw\u00f3j \u2013 zosta\u0142y zelektryfikowane, zbudowano drogi, wzros\u0142a liczba mieszka\u0144c\u00f3w. Dzisiaj Gliczar\u00f3w powoli traci sw\u00f3j rolniczo-pasterski charakter, staj\u0105c si\u0119 miejscowo\u015bci\u0105 turystyczn\u0105. Powstaj\u0105 tu wyci\u0105gi narciarskie, pojawi\u0142y si\u0119 restauracje, pensjonaty i gospodarstwa agroturystyczne.<\/p>\n\n\n\n<div style=\"height:15px\" aria-hidden=\"true\" class=\"wp-block-spacer\"><\/div>\n\n\n\n<h5 class=\"wp-block-heading\"><strong>Leszczyny<\/strong><\/h5>\n\n\n\n<p>Leszczyny s\u0105 niewielk\u0105 miejscowo\u015bci\u0105 po\u0142o\u017con\u0105 na wysoko\u015bci 840 \u2014 940 m n.p.m. pomi\u0119dzy Bia\u0142ym Dunajcem a Sierockiem. Pierwotnie stanowi\u0142y przysi\u00f3\u0142ek Bia\u0142ego Dunajca. Pierwsze wzmianki o Leszczynach pochodz\u0105 z roku 1620, kiedy to osiedli\u0142 si\u0119 tutaj gazda Bart\u0142omiej Siko\u0144. Inne znane leszczynia\u0144skie rody to Karciarze, Bukowscy, La\u0144dowie i Dziadkowcowie. Od roku 1980 Leszczyny stanowi\u0105 samodzielne so\u0142ectwo. Zamieszkuje je oko\u0142o dwustu sta\u0142ych mieszka\u0144c\u00f3w.<\/p>\n\n\n\n<div style=\"height:15px\" aria-hidden=\"true\" class=\"wp-block-spacer\"><\/div>\n\n\n\n<h5 class=\"wp-block-heading\"><strong>Sierockie<\/strong><\/h5>\n\n\n\n<p>Sierockie &#8211; wie\u015b po\u0142o\u017cona na Pog\u00f3rzu Guba\u0142owskim na wysoko\u015bci 920-1010 m. n.p.m. Od po\u0142udnia graniczy z Bustrykiem, od zachodu z Czerwiennem, od p\u00f3\u0142nocy z Ba\u0144sk\u0105 Wy\u017cn\u0105, a od wschodu z Leszczynami. Sierockie posiada oko\u0142o pi\u0119ciuset sta\u0142ych mieszka\u0144c\u00f3w. Ta jedna z naj\u0142adniejszych widokowo wsi wierchowych na Podhalu dzieli si\u0119 na nast\u0119puj\u0105ce osiedla: Stos, Granat\u00f3wka, Za Pasiek\u0105, Koziarowe Smrecki i Wielkie Pole. Pierwsze wzmianki o Sierockiem pochodz\u0105 z roku 1648, kiedy to wzg\u00f3rze zasiedlili pasterze owiec. Nazwiska tych pionierskich osadnik\u00f3w to Bobak (o przydomkach Koziar i Dudas), Str\u0105czek, Ma\u0142kuch, B\u0105k oraz Kwak. Przez kilka stuleci Sierockie nale\u017ca\u0142o do gromady Zubsuche skupiaj\u0105cej cztery miejscowo\u015bci: Z\u0105b, Suche, Bustryk i Sierockie.<\/p>\n\n\n\n<p><\/p>\n","protected":false},"excerpt":{"rendered":"<p>W sk\u0142ad gminy Bia\u0142y Dunajec \u2013 licz\u0105cej ponad 7 tysi\u0119cy mieszka\u0144c\u00f3w i 35,5 km kwadratowych powierzchni \u2013 wchodzi pi\u0119\u0107 so\u0142ectw: Bia\u0142y Dunajec, Gliczar\u00f3w G\u00f3rny, Gliczar\u00f3w Dolny, Leszczyny i Sierockie. Gliczar\u00f3w G\u00f3rny i Gliczar\u00f3w Dolny to wsie po\u0142o\u017cone na Pog\u00f3rzu Spiskim, za\u015b Leszczyny i Sierockie znajduj\u0105 si\u0119 na Pog\u00f3rzu Guba\u0142owskim. Bia\u0142y Dunajec Centrum administracyjne gminy. Pierwsze&#8230;<\/p>\n","protected":false},"author":1,"featured_media":0,"parent":8,"menu_order":0,"comment_status":"closed","ping_status":"closed","template":"","meta":{"footnotes":""},"class_list":["post-15","page","type-page","status-publish","hentry"],"_links":{"self":[{"href":"http:\/\/bialydunajec.com.pl\/dla-turysty\/wp-json\/wp\/v2\/pages\/15","targetHints":{"allow":["GET"]}}],"collection":[{"href":"http:\/\/bialydunajec.com.pl\/dla-turysty\/wp-json\/wp\/v2\/pages"}],"about":[{"href":"http:\/\/bialydunajec.com.pl\/dla-turysty\/wp-json\/wp\/v2\/types\/page"}],"author":[{"embeddable":true,"href":"http:\/\/bialydunajec.com.pl\/dla-turysty\/wp-json\/wp\/v2\/users\/1"}],"replies":[{"embeddable":true,"href":"http:\/\/bialydunajec.com.pl\/dla-turysty\/wp-json\/wp\/v2\/comments?post=15"}],"version-history":[{"count":6,"href":"http:\/\/bialydunajec.com.pl\/dla-turysty\/wp-json\/wp\/v2\/pages\/15\/revisions"}],"predecessor-version":[{"id":1110,"href":"http:\/\/bialydunajec.com.pl\/dla-turysty\/wp-json\/wp\/v2\/pages\/15\/revisions\/1110"}],"up":[{"embeddable":true,"href":"http:\/\/bialydunajec.com.pl\/dla-turysty\/wp-json\/wp\/v2\/pages\/8"}],"wp:attachment":[{"href":"http:\/\/bialydunajec.com.pl\/dla-turysty\/wp-json\/wp\/v2\/media?parent=15"}],"curies":[{"name":"wp","href":"https:\/\/api.w.org\/{rel}","templated":true}]}}