{"id":19,"date":"2021-12-15T08:23:26","date_gmt":"2021-12-15T07:23:26","guid":{"rendered":"http:\/\/bialydunajec.com.pl\/dla-turysty\/?page_id=19"},"modified":"2022-04-01T14:08:51","modified_gmt":"2022-04-01T12:08:51","slug":"dla-fanow-dwoch-kolek","status":"publish","type":"page","link":"http:\/\/bialydunajec.com.pl\/dla-turysty\/atrakcje-turystyczne\/dla-fanow-dwoch-kolek\/","title":{"rendered":"Dla fan\u00f3w dw\u00f3ch k\u00f3\u0142ek"},"content":{"rendered":"\n<div style=\"height:24px\" aria-hidden=\"true\" class=\"wp-block-spacer\"><\/div>\n\n\n\n<h5 class=\"has-text-align-left wp-block-heading\"><strong>Szlaki rowerowe:<\/strong><\/h5>\n\n\n\n<div style=\"height:22px\" aria-hidden=\"true\" class=\"wp-block-spacer\"><\/div>\n\n\n\n<ul class=\"wp-block-list\"><li><strong>Bia\u0142y Dunajec \u2013 Gliczar\u00f3w Dolny \u2013 Gliczar\u00f3w G\u00f3rny \u2013 Bia\u0142y Dunajec, d\u0142ugo\u015b\u0107 15 km (czas<\/strong> <strong>przejazdu 2 godz.)<\/strong><\/li><\/ul>\n\n\n\n<p>Trasa dosy\u0107 trudna, chocia\u017c na ca\u0142ej d\u0142ugo\u015bci prowadzi drog\u0105 asfaltow\u0105. Wycieczk\u0119 najlepiej rozpocz\u0105\u0107 w okolicy Urz\u0119du Gminy. Po drodze czeka nas m.in. ostry, trwaj\u0105cy ok. 2 km podjazd, podczas kt\u00f3rego wznosimy si\u0119 o prawie 200 metr\u00f3w, do wysoko\u015bci 980 m n.p.m. Ca\u0142y wysi\u0142ek w\u0142o\u017cony w jego pokonanie wynagradza rozleg\u0142a panorama Tatr oraz widok na Babi\u0105 G\u00f3r\u0119 i Gorce. Fragment trasy jest jednym z najs\u0142ynniejszych podjazd\u00f3w w kilkunastu ostatnich edycjach Tour de Pologne.<\/p>\n\n\n\n<ul class=\"wp-block-list\"><li><strong>Bia\u0142y Dunajec \u2013 Sto\u0142owe \u2013 Bia\u0142y Dunajec, d\u0142ugo\u015b\u0107 12 km (czas przejazdu 1,5 godz.)<\/strong><\/li><\/ul>\n\n\n\n<p>Trasa dla zaprawionych w rowerowym boju \u2013 do pokonania r\u00f3\u017cnica wzniesie\u0144 wynosz\u0105ca 300 m, trasa trudna.<\/p>\n\n\n\n<ul class=\"wp-block-list\"><li><strong>Bia\u0142y Dunajec \u2013 Bukowina Tatrza\u0144ska \u2013 Bia\u0142y Dunajec, d\u0142ugo\u015b\u0107 25 km (czas przejazdu 2,5 godz.)<\/strong><\/li><\/ul>\n\n\n\n<p>Po drodze ostra wspinaczka do Gliczarowa G\u00f3rnego, nast\u0119pnie trasa wzd\u0142u\u017c Wierchu Olcza\u0144skiego a\u017c do Bukowiny Tatrza\u0144skiej. Powr\u00f3t do Bia\u0142ego Dunajca drog\u0105 wiod\u0105c\u0105 przez Gliczar\u00f3w Dolny, r\u00f3\u017cnica wzniesie\u0144 \u2013 300 m.<\/p>\n\n\n\n<ul class=\"wp-block-list\"><li><strong>Bia\u0142y Dunajec &#8211; Leszczyny &#8211; Bustryk &#8211; Bia\u0142y Dunajec, d\u0142ugo\u015b\u0107 12 km (czas przejazdu 1 godz.)<\/strong><\/li><\/ul>\n\n\n\n<p>Malownicza droga przez Leszczyny i Sierockie r\u00f3wnie\u017c kilka razy by\u0142a cz\u0119\u015bci\u0105 etapu Tour de Pologne. Powr\u00f3t przez wie\u015b Bustryk. R\u00f3\u017cnica wzniesie\u0144 330 m.<\/p>\n\n\n\n<ul class=\"wp-block-list\"><li><strong>Przez  Bia\u0142y Dunajec biegnie fragment widokowej trasy rowerowej po Ma\u0142opolsce &#8211; VeloDunajec. Szczeg\u00f3\u0142owe informacje pod linkiem:<\/strong><\/li><\/ul>\n\n\n\n<p><a href=\"https:\/\/narowery.visitmalopolska.pl\/pl_PL\/velodunajec\">https:\/\/narowery.visitmalopolska.pl\/pl_PL\/velodunajec<\/a><\/p>\n\n\n\n<div style=\"height:10px\" aria-hidden=\"true\" class=\"wp-block-spacer\"><\/div>\n\n\n\n<figure class=\"wp-block-gallery has-nested-images columns-default is-cropped wp-block-gallery-1 is-layout-flex wp-block-gallery-is-layout-flex\">\n<figure class=\"wp-block-image size-large is-style-default\"><a href=\"http:\/\/bialydunajec.com.pl\/dla-turysty\/wp-content\/uploads\/sites\/2\/2022\/03\/3_Gmina-Bialy-Dunajec-scaled.jpg\" rel=\"lightbox[19]\"><img loading=\"lazy\" decoding=\"async\" width=\"1010\" height=\"675\" data-id=\"353\" src=\"http:\/\/bialydunajec.com.pl\/dla-turysty\/wp-content\/uploads\/sites\/2\/2022\/03\/3_Gmina-Bialy-Dunajec-1010x675.jpg\" alt=\"\" class=\"wp-image-353\" srcset=\"http:\/\/bialydunajec.com.pl\/dla-turysty\/wp-content\/uploads\/sites\/2\/2022\/03\/3_Gmina-Bialy-Dunajec-1010x675.jpg 1010w, http:\/\/bialydunajec.com.pl\/dla-turysty\/wp-content\/uploads\/sites\/2\/2022\/03\/3_Gmina-Bialy-Dunajec-300x200.jpg 300w, http:\/\/bialydunajec.com.pl\/dla-turysty\/wp-content\/uploads\/sites\/2\/2022\/03\/3_Gmina-Bialy-Dunajec-600x400.jpg 600w, http:\/\/bialydunajec.com.pl\/dla-turysty\/wp-content\/uploads\/sites\/2\/2022\/03\/3_Gmina-Bialy-Dunajec-1536x1027.jpg 1536w, http:\/\/bialydunajec.com.pl\/dla-turysty\/wp-content\/uploads\/sites\/2\/2022\/03\/3_Gmina-Bialy-Dunajec-2048x1369.jpg 2048w\" sizes=\"auto, (max-width: 1010px) 100vw, 1010px\" \/><\/a><\/figure>\n<\/figure>\n\n\n\n<p><\/p>\n","protected":false},"excerpt":{"rendered":"<p>Szlaki rowerowe: Bia\u0142y Dunajec \u2013 Gliczar\u00f3w Dolny \u2013 Gliczar\u00f3w G\u00f3rny \u2013 Bia\u0142y Dunajec, d\u0142ugo\u015b\u0107 15 km (czas przejazdu 2 godz.) Trasa dosy\u0107 trudna, chocia\u017c na ca\u0142ej d\u0142ugo\u015bci prowadzi drog\u0105 asfaltow\u0105. Wycieczk\u0119 najlepiej rozpocz\u0105\u0107 w okolicy Urz\u0119du Gminy. Po drodze czeka nas m.in. ostry, trwaj\u0105cy ok. 2 km podjazd, podczas kt\u00f3rego wznosimy si\u0119 o prawie 200&#8230;<\/p>\n","protected":false},"author":1,"featured_media":0,"parent":17,"menu_order":0,"comment_status":"closed","ping_status":"closed","template":"","meta":{"footnotes":""},"class_list":["post-19","page","type-page","status-publish","hentry"],"_links":{"self":[{"href":"http:\/\/bialydunajec.com.pl\/dla-turysty\/wp-json\/wp\/v2\/pages\/19","targetHints":{"allow":["GET"]}}],"collection":[{"href":"http:\/\/bialydunajec.com.pl\/dla-turysty\/wp-json\/wp\/v2\/pages"}],"about":[{"href":"http:\/\/bialydunajec.com.pl\/dla-turysty\/wp-json\/wp\/v2\/types\/page"}],"author":[{"embeddable":true,"href":"http:\/\/bialydunajec.com.pl\/dla-turysty\/wp-json\/wp\/v2\/users\/1"}],"replies":[{"embeddable":true,"href":"http:\/\/bialydunajec.com.pl\/dla-turysty\/wp-json\/wp\/v2\/comments?post=19"}],"version-history":[{"count":9,"href":"http:\/\/bialydunajec.com.pl\/dla-turysty\/wp-json\/wp\/v2\/pages\/19\/revisions"}],"predecessor-version":[{"id":922,"href":"http:\/\/bialydunajec.com.pl\/dla-turysty\/wp-json\/wp\/v2\/pages\/19\/revisions\/922"}],"up":[{"embeddable":true,"href":"http:\/\/bialydunajec.com.pl\/dla-turysty\/wp-json\/wp\/v2\/pages\/17"}],"wp:attachment":[{"href":"http:\/\/bialydunajec.com.pl\/dla-turysty\/wp-json\/wp\/v2\/media?parent=19"}],"curies":[{"name":"wp","href":"https:\/\/api.w.org\/{rel}","templated":true}]}}