{"id":45,"date":"2021-12-15T08:26:37","date_gmt":"2021-12-15T07:26:37","guid":{"rendered":"http:\/\/bialydunajec.com.pl\/dla-turysty\/?page_id=45"},"modified":"2022-05-31T16:09:24","modified_gmt":"2022-05-31T14:09:24","slug":"hala-sportowa","status":"publish","type":"page","link":"http:\/\/bialydunajec.com.pl\/dla-turysty\/infrastruktura-sportowa\/hala-sportowa\/","title":{"rendered":"Hala sportowa"},"content":{"rendered":"\n<figure class=\"wp-block-gallery has-nested-images columns-default is-cropped wp-block-gallery-1 is-layout-flex wp-block-gallery-is-layout-flex\">\n<figure class=\"wp-block-image size-large is-style-default\"><a href=\"http:\/\/bialydunajec.com.pl\/dla-turysty\/wp-content\/uploads\/sites\/2\/2022\/03\/IMG_1758.jpg\" rel=\"lightbox[45]\"><img loading=\"lazy\" decoding=\"async\" width=\"900\" height=\"675\" data-id=\"638\" src=\"http:\/\/bialydunajec.com.pl\/dla-turysty\/wp-content\/uploads\/sites\/2\/2022\/03\/IMG_1758-900x675.jpg\" alt=\"\" class=\"wp-image-638\" srcset=\"http:\/\/bialydunajec.com.pl\/dla-turysty\/wp-content\/uploads\/sites\/2\/2022\/03\/IMG_1758-900x675.jpg 900w, http:\/\/bialydunajec.com.pl\/dla-turysty\/wp-content\/uploads\/sites\/2\/2022\/03\/IMG_1758-1536x1152.jpg 1536w, http:\/\/bialydunajec.com.pl\/dla-turysty\/wp-content\/uploads\/sites\/2\/2022\/03\/IMG_1758.jpg 2048w\" sizes=\"auto, (max-width: 900px) 100vw, 900px\" \/><\/a><\/figure>\n<\/figure>\n\n\n\n<div style=\"height:10px\" aria-hidden=\"true\" class=\"wp-block-spacer\"><\/div>\n\n\n\n<p><strong>Godziny otwarcia Gminnej Hali Sportowej<\/strong><\/p>\n\n\n\n<p>W roku szkolnym od poniedzia\u0142ku do pi\u0105tku w godz. od 15:00 do 21:00.<\/p>\n\n\n\n<p>W sobot\u0119 i niedziel\u0119 hala zamkni\u0119ta.<\/p>\n\n\n\n<p>W wakacje od poniedzia\u0142ku do pi\u0105tku hala w godz. od 9:00 do 21:00.<\/p>\n\n\n\n<p><strong>Op\u0142ata za korzystanie z Gminnej Hali Sportowej w Bia\u0142ym Dunajcu wynosi:<\/strong><\/p>\n\n\n\n<ul class=\"wp-block-list\"><li>ca\u0142a hala kwota: 120,00 z\u0142 brutto za 1 godzin\u0119<\/li><li>po\u0142owa hali kwota: 82,50 z\u0142 brutto za 1 godzin\u0119<\/li><\/ul>\n\n\n\n<p>W przypadku jednorazowego zakupu przekraczaj\u0105cego kwot\u0119: 4 878,05 z\u0142 netto tj. 6 000,00 z\u0142 brutto, udziela si\u0119 rabatu w wysoko\u015bci: 10%.<\/p>\n\n\n\n<p>Stali mieszka\u0144cy Gminy Bia\u0142y Dunajec oraz osoby regularnie korzystaj\u0105ce z gminnej hali sportowej w ci\u0105gu ca\u0142ego roku kalendarzowego dokonuj\u0105 op\u0142aty w wysoko\u015bci:<\/p>\n\n\n\n<ul class=\"wp-block-list\"><li>hala kwota: 42,00 z\u0142 brutto za 1 godzin\u0119<\/li><li>po\u0142owa hali kwota: 36,75 z\u0142 brutto za 1 godzin\u0119<\/li><\/ul>\n\n\n\n<p>W sprawie informacji oraz ewentualnej rezerwacji prosimy o kontakt pod numerem telefonu: 18 20 79 526 lub e-mailem&nbsp;<a rel=\"noreferrer noopener\" href=\"mailto:ksiegowosc_ghs@dunajec.net\" target=\"_blank\">ksiegowosc3@dunajec.net<\/a>.<\/p>\n\n\n\n<p><strong>PARAMETRY OBIEKTU<\/strong><\/p>\n\n\n\n<p>\u2022 wymiary hali: d\u0142ugo\u015b\u0107 \u2013 38 m, szeroko\u015b\u0107 \u2013 25 m, wysoko\u015b\u0107 \u2013 16,5 m<br>\u2022 wymiary areny hali: d\u0142ugo\u015b\u0107 \u2013 37,05 m, szeroko\u015b\u0107 \u2013 20,10 m, wysoko\u015b\u0107 \u2013 10,15 m<br>\u2022 widownia sta\u0142a \u2013 antresola dla 50 os\u00f3b wzd\u0142u\u017c d\u0142u\u017cszego boku boiska<br>\u2022 posadzka boiska \u2013 sportowy panel d\u0119bowy<br>\u2022 powierzchnia u\u017cytkowa \u2013 1.136 m2<br>\u2022 kubatura \u2013 9.167 m3<br>\u2022 zaplecze sanitarno-szatniowe<br>\u2022 parking dla 30 samochod\u00f3w<\/p>\n\n\n\n<p><strong>WYPOSA\u017bENIE<\/strong><\/p>\n\n\n\n<p>\u2022 koszyk\u00f3wka (wyposa\u017cenie boiska centralnego i dw\u00f3ch boisk treningowych)<br>\u2022 siatk\u00f3wka (wyposa\u017cenie boiska centralnego i dw\u00f3ch boisk treningowych; s\u0142upki treningowe uniwersalne: siatk\u00f3wka, badminton, tenis),<br>\u2022 pi\u0142ka r\u0119czna<br>\u2022 tenis ziemny<br>\u2022 badminton<br>\u2022 kotara grodz\u0105ca (dziel\u0105ca hal\u0119 na dwie cz\u0119\u015bci)<br>\u2022 drabinki<br>\u2022 tablica \u015bwietlna<br>\u2022 sto\u0142y do tenisa (6 szt.)<br>\u2022 sprz\u0119t do gimnastyki<\/p>\n\n\n\n<div style=\"height:10px\" aria-hidden=\"true\" class=\"wp-block-spacer\"><\/div>\n\n\n\n<figure class=\"wp-block-gallery has-nested-images columns-default is-cropped wp-block-gallery-2 is-layout-flex wp-block-gallery-is-layout-flex\">\n<figure class=\"wp-block-image size-large is-style-default\"><a href=\"http:\/\/bialydunajec.com.pl\/dla-turysty\/wp-content\/uploads\/sites\/2\/2022\/03\/IMG_1755.jpg\" rel=\"lightbox[45]\"><img loading=\"lazy\" decoding=\"async\" width=\"900\" height=\"675\" data-id=\"636\" src=\"http:\/\/bialydunajec.com.pl\/dla-turysty\/wp-content\/uploads\/sites\/2\/2022\/03\/IMG_1755-900x675.jpg\" alt=\"\" class=\"wp-image-636\" srcset=\"http:\/\/bialydunajec.com.pl\/dla-turysty\/wp-content\/uploads\/sites\/2\/2022\/03\/IMG_1755-900x675.jpg 900w, http:\/\/bialydunajec.com.pl\/dla-turysty\/wp-content\/uploads\/sites\/2\/2022\/03\/IMG_1755-1536x1152.jpg 1536w, http:\/\/bialydunajec.com.pl\/dla-turysty\/wp-content\/uploads\/sites\/2\/2022\/03\/IMG_1755.jpg 2048w\" sizes=\"auto, (max-width: 900px) 100vw, 900px\" \/><\/a><\/figure>\n\n\n\n<figure class=\"wp-block-image size-large is-style-default\"><a href=\"http:\/\/bialydunajec.com.pl\/dla-turysty\/wp-content\/uploads\/sites\/2\/2022\/03\/IMG_1757.jpg\" rel=\"lightbox[45]\"><img loading=\"lazy\" decoding=\"async\" width=\"900\" height=\"675\" data-id=\"637\" src=\"http:\/\/bialydunajec.com.pl\/dla-turysty\/wp-content\/uploads\/sites\/2\/2022\/03\/IMG_1757-900x675.jpg\" alt=\"\" class=\"wp-image-637\" srcset=\"http:\/\/bialydunajec.com.pl\/dla-turysty\/wp-content\/uploads\/sites\/2\/2022\/03\/IMG_1757-900x675.jpg 900w, http:\/\/bialydunajec.com.pl\/dla-turysty\/wp-content\/uploads\/sites\/2\/2022\/03\/IMG_1757-1536x1152.jpg 1536w, http:\/\/bialydunajec.com.pl\/dla-turysty\/wp-content\/uploads\/sites\/2\/2022\/03\/IMG_1757.jpg 2048w\" sizes=\"auto, (max-width: 900px) 100vw, 900px\" \/><\/a><\/figure>\n\n\n\n<figure class=\"wp-block-image size-large is-style-default\"><a href=\"http:\/\/bialydunajec.com.pl\/dla-turysty\/wp-content\/uploads\/sites\/2\/2022\/03\/IMG_1760.jpg\" rel=\"lightbox[45]\"><img loading=\"lazy\" decoding=\"async\" width=\"900\" height=\"675\" data-id=\"635\" src=\"http:\/\/bialydunajec.com.pl\/dla-turysty\/wp-content\/uploads\/sites\/2\/2022\/03\/IMG_1760-900x675.jpg\" alt=\"\" class=\"wp-image-635\" srcset=\"http:\/\/bialydunajec.com.pl\/dla-turysty\/wp-content\/uploads\/sites\/2\/2022\/03\/IMG_1760-900x675.jpg 900w, http:\/\/bialydunajec.com.pl\/dla-turysty\/wp-content\/uploads\/sites\/2\/2022\/03\/IMG_1760-1536x1152.jpg 1536w, http:\/\/bialydunajec.com.pl\/dla-turysty\/wp-content\/uploads\/sites\/2\/2022\/03\/IMG_1760.jpg 2048w\" sizes=\"auto, (max-width: 900px) 100vw, 900px\" \/><\/a><\/figure>\n<\/figure>\n\n\n\n<div style=\"height:10px\" aria-hidden=\"true\" class=\"wp-block-spacer\"><\/div>\n\n\n\n<p><strong>Uprzejmie prosimy o zapoznanie si\u0119 z regulaminem korzystania z gminnej hali sportowej w Bia\u0142ym Dunajcu. <\/strong><\/p>\n\n\n\n<div style=\"height:10px\" aria-hidden=\"true\" class=\"wp-block-spacer\"><\/div>\n","protected":false},"excerpt":{"rendered":"<p>Godziny otwarcia Gminnej Hali Sportowej W roku szkolnym od poniedzia\u0142ku do pi\u0105tku w godz. od 15:00 do 21:00. W sobot\u0119 i niedziel\u0119 hala zamkni\u0119ta. W wakacje od poniedzia\u0142ku do pi\u0105tku hala w godz. od 9:00 do 21:00. Op\u0142ata za korzystanie z Gminnej Hali Sportowej w Bia\u0142ym Dunajcu wynosi: ca\u0142a hala kwota: 120,00 z\u0142 brutto za&#8230;<\/p>\n","protected":false},"author":1,"featured_media":0,"parent":41,"menu_order":0,"comment_status":"closed","ping_status":"closed","template":"template-reservation.php","meta":{"footnotes":""},"class_list":["post-45","page","type-page","status-publish","hentry"],"_links":{"self":[{"href":"http:\/\/bialydunajec.com.pl\/dla-turysty\/wp-json\/wp\/v2\/pages\/45","targetHints":{"allow":["GET"]}}],"collection":[{"href":"http:\/\/bialydunajec.com.pl\/dla-turysty\/wp-json\/wp\/v2\/pages"}],"about":[{"href":"http:\/\/bialydunajec.com.pl\/dla-turysty\/wp-json\/wp\/v2\/types\/page"}],"author":[{"embeddable":true,"href":"http:\/\/bialydunajec.com.pl\/dla-turysty\/wp-json\/wp\/v2\/users\/1"}],"replies":[{"embeddable":true,"href":"http:\/\/bialydunajec.com.pl\/dla-turysty\/wp-json\/wp\/v2\/comments?post=45"}],"version-history":[{"count":4,"href":"http:\/\/bialydunajec.com.pl\/dla-turysty\/wp-json\/wp\/v2\/pages\/45\/revisions"}],"predecessor-version":[{"id":1204,"href":"http:\/\/bialydunajec.com.pl\/dla-turysty\/wp-json\/wp\/v2\/pages\/45\/revisions\/1204"}],"up":[{"embeddable":true,"href":"http:\/\/bialydunajec.com.pl\/dla-turysty\/wp-json\/wp\/v2\/pages\/41"}],"wp:attachment":[{"href":"http:\/\/bialydunajec.com.pl\/dla-turysty\/wp-json\/wp\/v2\/media?parent=45"}],"curies":[{"name":"wp","href":"https:\/\/api.w.org\/{rel}","templated":true}]}}