{"id":47,"date":"2021-12-15T08:26:55","date_gmt":"2021-12-15T07:26:55","guid":{"rendered":"http:\/\/bialydunajec.com.pl\/dla-turysty\/?page_id=47"},"modified":"2022-03-28T22:51:25","modified_gmt":"2022-03-28T20:51:25","slug":"silownia","status":"publish","type":"page","link":"http:\/\/bialydunajec.com.pl\/dla-turysty\/infrastruktura-sportowa\/silownia\/","title":{"rendered":"Si\u0142ownia"},"content":{"rendered":"\n<p><\/p>\n\n\n\n<figure class=\"wp-block-gallery has-nested-images columns-default is-cropped wp-block-gallery-1 is-layout-flex wp-block-gallery-is-layout-flex\">\n<figure class=\"wp-block-image size-large is-style-default\"><img loading=\"lazy\" decoding=\"async\" width=\"1024\" height=\"768\" data-id=\"618\" src=\"http:\/\/bialydunajec.com.pl\/dla-turysty\/wp-content\/uploads\/sites\/2\/2022\/03\/p1200502.jpg\" alt=\"\" class=\"wp-image-618\" srcset=\"http:\/\/bialydunajec.com.pl\/dla-turysty\/wp-content\/uploads\/sites\/2\/2022\/03\/p1200502.jpg 1024w, http:\/\/bialydunajec.com.pl\/dla-turysty\/wp-content\/uploads\/sites\/2\/2022\/03\/p1200502-900x675.jpg 900w\" sizes=\"auto, (max-width: 1024px) 100vw, 1024px\" \/><\/figure>\n<\/figure>\n\n\n\n<p><\/p>\n\n\n\n<p>Gmina Bia\u0142y Dunajec zaprasza klient\u00f3w indywidualnych oraz grupy sportowe do korzystania pod okiem instruktora z Si\u0142owni przy Gminnej Hali Sportowej.<\/p>\n\n\n\n<p>W sprawie informacji oraz ewentualnej rezerwacji prosimy o kontakt pod numerem telefonu: 18 20 79 526 lub mailowo\u00a0<a rel=\"noreferrer noopener\" href=\"mailto:ksiegowosc_ghs@dunajec.net\" target=\"_blank\">ksiegowosc3@dunajec.net<\/a>.<\/p>\n\n\n\n<p><strong>Godziny otwarcia si\u0142owni:<br>Od poniedzia\u0142ku do pi\u0105tku 17:00 \u2013 21:00<br>Sobota \u2013 Niedziela przez grupy zorganizowane po wcze\u015bniejszym uzgodnieniu z administratorem obiektu.<\/strong><\/p>\n\n\n\n<p><strong>Op\u0142ata za korzystanie z Gminnej Si\u0142owni wynosi:<\/strong><\/p>\n\n\n\n<ul class=\"wp-block-list\"><li>Dla os\u00f3b indywidualnych wej\u015bcie jednorazowe 6,00 z\u0142., karnet na 10 wej\u015b\u0107 50,00 z\u0142.<\/li><li>Dla grup zorganizowanych (max. 20 os\u00f3b) ca\u0142a si\u0142ownia kwota 100,00 z\u0142. brutto za 1 godzin\u0119<\/li><\/ul>\n\n\n\n<p><strong>Stali mieszka\u0144cy korzystaj\u0105cy z si\u0142owni:<\/strong><\/p>\n\n\n\n<ul class=\"wp-block-list\"><li>Wej\u015bcie jednorazowe 5,00 z\u0142.<\/li><li>Karnet na 10 wej\u015b\u0107 40,00 z\u0142.<\/li><\/ul>\n\n\n\n<p><strong>Parametry obiektu:<\/strong><\/p>\n\n\n\n<ul class=\"wp-block-list\"><li>powierzchnia u\u017cytkowa 113 m<sup>2<\/sup><\/li><li>posadzka \u2013 wyk\u0142adzina gumowa typu SPORT COLOR<\/li><li>zaplecze sanitarno szatniowe<\/li><li>pomieszczenie klimatyzowane<\/li><li>parking<\/li><\/ul>\n\n\n\n<p><strong>Wyposa\u017cenie:<\/strong><\/p>\n\n\n\n<ul class=\"wp-block-list\"><li>wyci\u0105g wielofunkcyjny<\/li><li>hak maszyna<\/li><li>\u0142awka pozioma<\/li><li>\u0142awka Scotta<\/li><li>\u0142awka sko\u015bna<\/li><li>\u0142awka g\u0142ow\u0105 w d\u00f3\u0142<\/li><li>zestaw hantli<\/li><li>suwnica ze sztang\u0105<\/li><li>krzy\u017cak do martwego ci\u0105gu<\/li><li>atlas 4 stanowiskowy<\/li><li>stojaki profesjonalne wysokie i niskie<\/li><li>zestaw k\u00f3\u0142 od 1 kg do 25 kg<\/li><li>zestaw hantli ogumowanych od 2 kg do 20 kg<\/li><\/ul>\n\n\n\n<div style=\"height:10px\" aria-hidden=\"true\" class=\"wp-block-spacer\"><\/div>\n\n\n\n<figure class=\"wp-block-gallery has-nested-images columns-default is-cropped wp-block-gallery-2 is-layout-flex wp-block-gallery-is-layout-flex\">\n<figure class=\"wp-block-image size-large is-style-default\"><a href=\"http:\/\/bialydunajec.com.pl\/dla-turysty\/wp-content\/uploads\/sites\/2\/2022\/03\/p1200404.jpg\" rel=\"lightbox[47]\"><img loading=\"lazy\" decoding=\"async\" width=\"1024\" height=\"768\" data-id=\"619\" src=\"http:\/\/bialydunajec.com.pl\/dla-turysty\/wp-content\/uploads\/sites\/2\/2022\/03\/p1200404.jpg\" alt=\"\" class=\"wp-image-619\" srcset=\"http:\/\/bialydunajec.com.pl\/dla-turysty\/wp-content\/uploads\/sites\/2\/2022\/03\/p1200404.jpg 1024w, http:\/\/bialydunajec.com.pl\/dla-turysty\/wp-content\/uploads\/sites\/2\/2022\/03\/p1200404-900x675.jpg 900w\" sizes=\"auto, (max-width: 1024px) 100vw, 1024px\" \/><\/a><\/figure>\n\n\n\n<figure class=\"wp-block-image size-large is-style-default\"><a href=\"http:\/\/bialydunajec.com.pl\/dla-turysty\/wp-content\/uploads\/sites\/2\/2022\/03\/p1200490.jpg\" rel=\"lightbox[47]\"><img loading=\"lazy\" decoding=\"async\" width=\"1024\" height=\"768\" data-id=\"620\" src=\"http:\/\/bialydunajec.com.pl\/dla-turysty\/wp-content\/uploads\/sites\/2\/2022\/03\/p1200490.jpg\" alt=\"\" class=\"wp-image-620\" srcset=\"http:\/\/bialydunajec.com.pl\/dla-turysty\/wp-content\/uploads\/sites\/2\/2022\/03\/p1200490.jpg 1024w, http:\/\/bialydunajec.com.pl\/dla-turysty\/wp-content\/uploads\/sites\/2\/2022\/03\/p1200490-900x675.jpg 900w\" sizes=\"auto, (max-width: 1024px) 100vw, 1024px\" \/><\/a><\/figure>\n\n\n\n<figure class=\"wp-block-image size-large is-style-default\"><a href=\"http:\/\/bialydunajec.com.pl\/dla-turysty\/wp-content\/uploads\/sites\/2\/2022\/03\/p1200507.jpg\" rel=\"lightbox[47]\"><img loading=\"lazy\" decoding=\"async\" width=\"1024\" height=\"768\" data-id=\"621\" src=\"http:\/\/bialydunajec.com.pl\/dla-turysty\/wp-content\/uploads\/sites\/2\/2022\/03\/p1200507.jpg\" alt=\"\" class=\"wp-image-621\" srcset=\"http:\/\/bialydunajec.com.pl\/dla-turysty\/wp-content\/uploads\/sites\/2\/2022\/03\/p1200507.jpg 1024w, http:\/\/bialydunajec.com.pl\/dla-turysty\/wp-content\/uploads\/sites\/2\/2022\/03\/p1200507-900x675.jpg 900w\" sizes=\"auto, (max-width: 1024px) 100vw, 1024px\" \/><\/a><\/figure>\n\n\n\n<figure class=\"wp-block-image size-large is-style-default\"><a href=\"http:\/\/bialydunajec.com.pl\/dla-turysty\/wp-content\/uploads\/sites\/2\/2022\/03\/p1200508.jpg\" rel=\"lightbox[47]\"><img loading=\"lazy\" decoding=\"async\" width=\"1024\" height=\"768\" data-id=\"622\" src=\"http:\/\/bialydunajec.com.pl\/dla-turysty\/wp-content\/uploads\/sites\/2\/2022\/03\/p1200508.jpg\" alt=\"\" class=\"wp-image-622\" srcset=\"http:\/\/bialydunajec.com.pl\/dla-turysty\/wp-content\/uploads\/sites\/2\/2022\/03\/p1200508.jpg 1024w, http:\/\/bialydunajec.com.pl\/dla-turysty\/wp-content\/uploads\/sites\/2\/2022\/03\/p1200508-900x675.jpg 900w\" sizes=\"auto, (max-width: 1024px) 100vw, 1024px\" \/><\/a><\/figure>\n\n\n\n<figure class=\"wp-block-image size-large is-style-default\"><a href=\"http:\/\/bialydunajec.com.pl\/dla-turysty\/wp-content\/uploads\/sites\/2\/2022\/03\/p1200511.jpg\" rel=\"lightbox[47]\"><img loading=\"lazy\" decoding=\"async\" width=\"1024\" height=\"768\" data-id=\"623\" src=\"http:\/\/bialydunajec.com.pl\/dla-turysty\/wp-content\/uploads\/sites\/2\/2022\/03\/p1200511.jpg\" alt=\"\" class=\"wp-image-623\" srcset=\"http:\/\/bialydunajec.com.pl\/dla-turysty\/wp-content\/uploads\/sites\/2\/2022\/03\/p1200511.jpg 1024w, http:\/\/bialydunajec.com.pl\/dla-turysty\/wp-content\/uploads\/sites\/2\/2022\/03\/p1200511-900x675.jpg 900w\" sizes=\"auto, (max-width: 1024px) 100vw, 1024px\" \/><\/a><\/figure>\n\n\n\n<figure class=\"wp-block-image size-large is-style-default\"><a href=\"http:\/\/bialydunajec.com.pl\/dla-turysty\/wp-content\/uploads\/sites\/2\/2022\/03\/p1200526.jpg\" rel=\"lightbox[47]\"><img loading=\"lazy\" decoding=\"async\" width=\"768\" height=\"1024\" data-id=\"624\" src=\"http:\/\/bialydunajec.com.pl\/dla-turysty\/wp-content\/uploads\/sites\/2\/2022\/03\/p1200526.jpg\" alt=\"\" class=\"wp-image-624\" srcset=\"http:\/\/bialydunajec.com.pl\/dla-turysty\/wp-content\/uploads\/sites\/2\/2022\/03\/p1200526.jpg 768w, http:\/\/bialydunajec.com.pl\/dla-turysty\/wp-content\/uploads\/sites\/2\/2022\/03\/p1200526-506x675.jpg 506w\" sizes=\"auto, (max-width: 768px) 100vw, 768px\" \/><\/a><\/figure>\n\n\n\n<figure class=\"wp-block-image size-large is-style-default\"><a href=\"http:\/\/bialydunajec.com.pl\/dla-turysty\/wp-content\/uploads\/sites\/2\/2022\/03\/p1200534.jpg\" rel=\"lightbox[47]\"><img loading=\"lazy\" decoding=\"async\" width=\"1024\" height=\"707\" data-id=\"625\" src=\"http:\/\/bialydunajec.com.pl\/dla-turysty\/wp-content\/uploads\/sites\/2\/2022\/03\/p1200534.jpg\" alt=\"\" class=\"wp-image-625\" srcset=\"http:\/\/bialydunajec.com.pl\/dla-turysty\/wp-content\/uploads\/sites\/2\/2022\/03\/p1200534.jpg 1024w, http:\/\/bialydunajec.com.pl\/dla-turysty\/wp-content\/uploads\/sites\/2\/2022\/03\/p1200534-978x675.jpg 978w\" sizes=\"auto, (max-width: 1024px) 100vw, 1024px\" \/><\/a><\/figure>\n\n\n\n<figure class=\"wp-block-image size-large is-style-default\"><a href=\"http:\/\/bialydunajec.com.pl\/dla-turysty\/wp-content\/uploads\/sites\/2\/2022\/03\/p1200535.jpg\" rel=\"lightbox[47]\"><img loading=\"lazy\" decoding=\"async\" width=\"1024\" height=\"768\" data-id=\"626\" src=\"http:\/\/bialydunajec.com.pl\/dla-turysty\/wp-content\/uploads\/sites\/2\/2022\/03\/p1200535.jpg\" alt=\"\" class=\"wp-image-626\" srcset=\"http:\/\/bialydunajec.com.pl\/dla-turysty\/wp-content\/uploads\/sites\/2\/2022\/03\/p1200535.jpg 1024w, http:\/\/bialydunajec.com.pl\/dla-turysty\/wp-content\/uploads\/sites\/2\/2022\/03\/p1200535-900x675.jpg 900w\" sizes=\"auto, (max-width: 1024px) 100vw, 1024px\" \/><\/a><\/figure>\n\n\n\n<figure class=\"wp-block-image size-large is-style-default\"><a href=\"http:\/\/bialydunajec.com.pl\/dla-turysty\/wp-content\/uploads\/sites\/2\/2022\/03\/p1200562.jpg\" rel=\"lightbox[47]\"><img loading=\"lazy\" decoding=\"async\" width=\"1024\" height=\"768\" data-id=\"627\" src=\"http:\/\/bialydunajec.com.pl\/dla-turysty\/wp-content\/uploads\/sites\/2\/2022\/03\/p1200562.jpg\" alt=\"\" class=\"wp-image-627\" srcset=\"http:\/\/bialydunajec.com.pl\/dla-turysty\/wp-content\/uploads\/sites\/2\/2022\/03\/p1200562.jpg 1024w, http:\/\/bialydunajec.com.pl\/dla-turysty\/wp-content\/uploads\/sites\/2\/2022\/03\/p1200562-900x675.jpg 900w\" sizes=\"auto, (max-width: 1024px) 100vw, 1024px\" \/><\/a><\/figure>\n<\/figure>\n\n\n\n<div style=\"height:10px\" aria-hidden=\"true\" class=\"wp-block-spacer\"><\/div>\n\n\n\n<p><strong>Uprzejmie prosimy o zapoznanie si\u0119 z regulaminem korzystania z gminnej si\u0142owni w Bia\u0142ym Dunajcu. <\/strong><\/p>\n\n\n\n<div style=\"height:10px\" aria-hidden=\"true\" class=\"wp-block-spacer\"><\/div>\n","protected":false},"excerpt":{"rendered":"<p>Gmina Bia\u0142y Dunajec zaprasza klient\u00f3w indywidualnych oraz grupy sportowe do korzystania pod okiem instruktora z Si\u0142owni przy Gminnej Hali Sportowej. W sprawie informacji oraz ewentualnej rezerwacji prosimy o kontakt pod numerem telefonu: 18 20 79 526 lub mailowo\u00a0ksiegowosc3@dunajec.net. Godziny otwarcia si\u0142owni:Od poniedzia\u0142ku do pi\u0105tku 17:00 \u2013 21:00Sobota \u2013 Niedziela przez grupy zorganizowane po wcze\u015bniejszym uzgodnieniu&#8230;<\/p>\n","protected":false},"author":1,"featured_media":0,"parent":41,"menu_order":0,"comment_status":"closed","ping_status":"closed","template":"","meta":{"footnotes":""},"class_list":["post-47","page","type-page","status-publish","hentry"],"_links":{"self":[{"href":"http:\/\/bialydunajec.com.pl\/dla-turysty\/wp-json\/wp\/v2\/pages\/47","targetHints":{"allow":["GET"]}}],"collection":[{"href":"http:\/\/bialydunajec.com.pl\/dla-turysty\/wp-json\/wp\/v2\/pages"}],"about":[{"href":"http:\/\/bialydunajec.com.pl\/dla-turysty\/wp-json\/wp\/v2\/types\/page"}],"author":[{"embeddable":true,"href":"http:\/\/bialydunajec.com.pl\/dla-turysty\/wp-json\/wp\/v2\/users\/1"}],"replies":[{"embeddable":true,"href":"http:\/\/bialydunajec.com.pl\/dla-turysty\/wp-json\/wp\/v2\/comments?post=47"}],"version-history":[{"count":5,"href":"http:\/\/bialydunajec.com.pl\/dla-turysty\/wp-json\/wp\/v2\/pages\/47\/revisions"}],"predecessor-version":[{"id":633,"href":"http:\/\/bialydunajec.com.pl\/dla-turysty\/wp-json\/wp\/v2\/pages\/47\/revisions\/633"}],"up":[{"embeddable":true,"href":"http:\/\/bialydunajec.com.pl\/dla-turysty\/wp-json\/wp\/v2\/pages\/41"}],"wp:attachment":[{"href":"http:\/\/bialydunajec.com.pl\/dla-turysty\/wp-json\/wp\/v2\/media?parent=47"}],"curies":[{"name":"wp","href":"https:\/\/api.w.org\/{rel}","templated":true}]}}