{"id":651,"date":"2022-03-28T23:18:06","date_gmt":"2022-03-28T21:18:06","guid":{"rendered":"http:\/\/bialydunajec.com.pl\/dla-turysty\/?page_id=651"},"modified":"2022-03-28T23:25:32","modified_gmt":"2022-03-28T21:25:32","slug":"muzyka","status":"publish","type":"page","link":"http:\/\/bialydunajec.com.pl\/dla-turysty\/muzyka\/","title":{"rendered":"Muzyka"},"content":{"rendered":"\n<p><strong>Zapraszamy do pos\u0142uchania p\u0142yty Rodzinnej Muzyki Polok\u00f3w z Bia\u0142ego Dunajca.<\/strong> <\/p>\n\n\n\n<figure class=\"wp-block-gallery has-nested-images columns-default is-cropped wp-block-gallery-1 is-layout-flex wp-block-gallery-is-layout-flex\">\n<figure class=\"wp-block-image size-large is-style-default\"><a href=\"http:\/\/bialydunajec.com.pl\/dla-turysty\/wp-content\/uploads\/sites\/2\/2022\/03\/plyta_Muzyki_Polokow.jpg\" rel=\"lightbox[651]\"><img loading=\"lazy\" decoding=\"async\" width=\"1010\" height=\"675\" data-id=\"655\" src=\"http:\/\/bialydunajec.com.pl\/dla-turysty\/wp-content\/uploads\/sites\/2\/2022\/03\/plyta_Muzyki_Polokow-1010x675.jpg\" alt=\"\" class=\"wp-image-655\" srcset=\"http:\/\/bialydunajec.com.pl\/dla-turysty\/wp-content\/uploads\/sites\/2\/2022\/03\/plyta_Muzyki_Polokow-1010x675.jpg 1010w, http:\/\/bialydunajec.com.pl\/dla-turysty\/wp-content\/uploads\/sites\/2\/2022\/03\/plyta_Muzyki_Polokow-300x200.jpg 300w, http:\/\/bialydunajec.com.pl\/dla-turysty\/wp-content\/uploads\/sites\/2\/2022\/03\/plyta_Muzyki_Polokow-600x400.jpg 600w, http:\/\/bialydunajec.com.pl\/dla-turysty\/wp-content\/uploads\/sites\/2\/2022\/03\/plyta_Muzyki_Polokow-1536x1027.jpg 1536w, http:\/\/bialydunajec.com.pl\/dla-turysty\/wp-content\/uploads\/sites\/2\/2022\/03\/plyta_Muzyki_Polokow.jpg 1870w\" sizes=\"auto, (max-width: 1010px) 100vw, 1010px\" \/><\/a><\/figure>\n<\/figure>\n\n\n\n<figure class=\"wp-block-embed is-type-rich is-provider-spotify wp-block-embed-spotify wp-embed-aspect-21-9 wp-has-aspect-ratio\"><div class=\"wp-block-embed__wrapper\">\n<iframe title=\"Spotify Embed: Rodzinna Muzyka Polok\u00f3w\" style=\"border-radius: 12px\" width=\"100%\" height=\"352\" frameborder=\"0\" allowfullscreen allow=\"autoplay; clipboard-write; encrypted-media; fullscreen; picture-in-picture\" loading=\"lazy\" src=\"https:\/\/open.spotify.com\/embed\/artist\/6sIABlD0qzPjaPU8a2WGHM?utm_source=oembed\"><\/iframe>\n<\/div><\/figure>\n\n\n\n<p><\/p>\n","protected":false},"excerpt":{"rendered":"<p>Zapraszamy do pos\u0142uchania p\u0142yty Rodzinnej Muzyki Polok\u00f3w z Bia\u0142ego Dunajca.<\/p>\n","protected":false},"author":5,"featured_media":0,"parent":0,"menu_order":0,"comment_status":"closed","ping_status":"closed","template":"","meta":{"footnotes":""},"class_list":["post-651","page","type-page","status-publish","hentry"],"_links":{"self":[{"href":"http:\/\/bialydunajec.com.pl\/dla-turysty\/wp-json\/wp\/v2\/pages\/651","targetHints":{"allow":["GET"]}}],"collection":[{"href":"http:\/\/bialydunajec.com.pl\/dla-turysty\/wp-json\/wp\/v2\/pages"}],"about":[{"href":"http:\/\/bialydunajec.com.pl\/dla-turysty\/wp-json\/wp\/v2\/types\/page"}],"author":[{"embeddable":true,"href":"http:\/\/bialydunajec.com.pl\/dla-turysty\/wp-json\/wp\/v2\/users\/5"}],"replies":[{"embeddable":true,"href":"http:\/\/bialydunajec.com.pl\/dla-turysty\/wp-json\/wp\/v2\/comments?post=651"}],"version-history":[{"count":3,"href":"http:\/\/bialydunajec.com.pl\/dla-turysty\/wp-json\/wp\/v2\/pages\/651\/revisions"}],"predecessor-version":[{"id":657,"href":"http:\/\/bialydunajec.com.pl\/dla-turysty\/wp-json\/wp\/v2\/pages\/651\/revisions\/657"}],"wp:attachment":[{"href":"http:\/\/bialydunajec.com.pl\/dla-turysty\/wp-json\/wp\/v2\/media?parent=651"}],"curies":[{"name":"wp","href":"https:\/\/api.w.org\/{rel}","templated":true}]}}