{"id":879,"date":"2022-04-01T00:24:27","date_gmt":"2022-03-31T22:24:27","guid":{"rendered":"http:\/\/bialydunajec.com.pl\/dla-turysty\/?page_id=879"},"modified":"2022-04-01T14:50:53","modified_gmt":"2022-04-01T12:50:53","slug":"warsztaty-artystyczne-na-podhalu","status":"publish","type":"page","link":"http:\/\/bialydunajec.com.pl\/dla-turysty\/warsztaty-artystyczne-na-podhalu\/","title":{"rendered":"Warsztaty artystyczne na Podhalu"},"content":{"rendered":"\n<p><strong>Warsztaty artystyczne na Podhalu. Pracownia nad Rzek\u0105<\/strong>.<\/p>\n\n\n\n<p>Pracownia powsta\u0142a w 2010 w Bia\u0142ym Dunajcu, prowadzi warsztaty artystyczne dla dzieci, m\u0142odzie\u017cy i doros\u0142ych z terenu Podhala, a tak\u017ce dla turystycznych grup zorganizowanych (kolonii, oboz\u00f3w, wycieczek). Specjalizuje si\u0119 w zaj\u0119ciach z ceramiki, malarstwa na szkle, mozaiki, garncarstwa i innych dziedzin plastyki. W tematyce i formie prac cz\u0119sto nawi\u0105zuje do tradycyjnej kultury podhala\u0144skiej, tw\u00f3rczo j\u0105 reinterpretuj\u0105c.<\/p>\n\n\n\n<p><strong>Zakres dzia\u0142alno\u015bci:<\/strong><\/p>\n\n\n\n<ul class=\"wp-block-list\"><li>warsztaty z malarstwa na szkle, ceramiki i mozaiki;<\/li><li>inne warsztaty plastyczne: malowanie na kamieniach, decoupage, ozdoby z siana, itp.;<\/li><li>dzia\u0142alno\u015b\u0107 artystyczna: ceramika u\u017cytkowa i artystyczna, rze\u017aba, mozaika, malarstwo na szkle.<\/li><\/ul>\n\n\n\n<p>Pracownia prowadzi dzia\u0142alno\u015b\u0107 w swojej siedzibie w <strong>Bia\u0142ym Dunajcu<\/strong> oraz warsztaty wyjazdowe <strong>na terenie powiatu tatrza\u0144skiego<\/strong>.<\/p>\n\n\n\n<p>Za\u0142o\u017cycielk\u0105 i \u201esercem\u201d pracowni jest artysta plastyk i pedagog <strong>Bo\u017cena \u015awiderska-\u015aroda<\/strong>, absolwentka Wydzia\u0142u Sztuki Akademii Pedagogicznej w Krakowie. Instruktorka ceramiki w Gminnym O\u015brodku Kultury w Bia\u0142ym Dunajcu oraz malarstwa na szkle w Gminnym O\u015brodku Kultury w Poroninie. Tworzy ceramik\u0119, rze\u017ab\u0119 ceramiczn\u0105, mozaik\u0119, malarstwo akrylowe i na szkle.<\/p>\n\n\n\n<p><strong>Kontakt:<\/strong><br>ul. Jana Paw\u0142a II 355 c, 34-425 Bia\u0142y Dunajec<br><a href=\"https:\/\/www.facebook.com\/pracownianadrzeka\">https:\/\/www.facebook.com\/pracownianadrzeka<\/a><\/p>\n\n\n\n<div style=\"height:10px\" aria-hidden=\"true\" class=\"wp-block-spacer\"><\/div>\n\n\n\n<figure class=\"wp-block-gallery has-nested-images columns-4 is-cropped wp-block-gallery-1 is-layout-flex wp-block-gallery-is-layout-flex\">\n<figure class=\"wp-block-image size-large is-style-default\"><a href=\"http:\/\/bialydunajec.com.pl\/dla-turysty\/wp-content\/uploads\/sites\/2\/2022\/04\/1.jpg\" rel=\"lightbox[879]\"><img loading=\"lazy\" decoding=\"async\" width=\"1944\" height=\"1296\" data-id=\"885\" src=\"http:\/\/bialydunajec.com.pl\/dla-turysty\/wp-content\/uploads\/sites\/2\/2022\/04\/1.jpg\" alt=\"\" class=\"wp-image-885\" srcset=\"http:\/\/bialydunajec.com.pl\/dla-turysty\/wp-content\/uploads\/sites\/2\/2022\/04\/1.jpg 1944w, http:\/\/bialydunajec.com.pl\/dla-turysty\/wp-content\/uploads\/sites\/2\/2022\/04\/1-300x200.jpg 300w, http:\/\/bialydunajec.com.pl\/dla-turysty\/wp-content\/uploads\/sites\/2\/2022\/04\/1-1013x675.jpg 1013w, http:\/\/bialydunajec.com.pl\/dla-turysty\/wp-content\/uploads\/sites\/2\/2022\/04\/1-600x400.jpg 600w, http:\/\/bialydunajec.com.pl\/dla-turysty\/wp-content\/uploads\/sites\/2\/2022\/04\/1-1536x1024.jpg 1536w\" sizes=\"auto, (max-width: 1944px) 100vw, 1944px\" \/><\/a><\/figure>\n\n\n\n<figure class=\"wp-block-image size-large is-style-default\"><a href=\"http:\/\/bialydunajec.com.pl\/dla-turysty\/wp-content\/uploads\/sites\/2\/2022\/04\/2.jpg\" rel=\"lightbox[879]\"><img loading=\"lazy\" decoding=\"async\" width=\"1237\" height=\"1610\" data-id=\"886\" src=\"http:\/\/bialydunajec.com.pl\/dla-turysty\/wp-content\/uploads\/sites\/2\/2022\/04\/2.jpg\" alt=\"\" class=\"wp-image-886\" srcset=\"http:\/\/bialydunajec.com.pl\/dla-turysty\/wp-content\/uploads\/sites\/2\/2022\/04\/2.jpg 1237w, http:\/\/bialydunajec.com.pl\/dla-turysty\/wp-content\/uploads\/sites\/2\/2022\/04\/2-519x675.jpg 519w, http:\/\/bialydunajec.com.pl\/dla-turysty\/wp-content\/uploads\/sites\/2\/2022\/04\/2-1180x1536.jpg 1180w\" sizes=\"auto, (max-width: 1237px) 100vw, 1237px\" \/><\/a><\/figure>\n\n\n\n<figure class=\"wp-block-image size-large is-style-default\"><a href=\"http:\/\/bialydunajec.com.pl\/dla-turysty\/wp-content\/uploads\/sites\/2\/2022\/04\/3.jpg\" rel=\"lightbox[879]\"><img loading=\"lazy\" decoding=\"async\" width=\"1834\" height=\"1177\" data-id=\"887\" src=\"http:\/\/bialydunajec.com.pl\/dla-turysty\/wp-content\/uploads\/sites\/2\/2022\/04\/3.jpg\" alt=\"\" class=\"wp-image-887\" srcset=\"http:\/\/bialydunajec.com.pl\/dla-turysty\/wp-content\/uploads\/sites\/2\/2022\/04\/3.jpg 1834w, http:\/\/bialydunajec.com.pl\/dla-turysty\/wp-content\/uploads\/sites\/2\/2022\/04\/3-1052x675.jpg 1052w, http:\/\/bialydunajec.com.pl\/dla-turysty\/wp-content\/uploads\/sites\/2\/2022\/04\/3-1536x986.jpg 1536w\" sizes=\"auto, (max-width: 1834px) 100vw, 1834px\" \/><\/a><\/figure>\n\n\n\n<figure class=\"wp-block-image size-large is-style-default\"><a href=\"http:\/\/bialydunajec.com.pl\/dla-turysty\/wp-content\/uploads\/sites\/2\/2022\/04\/IMG_20210308_145413-scaled.jpg\" rel=\"lightbox[879]\"><img loading=\"lazy\" decoding=\"async\" width=\"1920\" height=\"2560\" data-id=\"888\" src=\"http:\/\/bialydunajec.com.pl\/dla-turysty\/wp-content\/uploads\/sites\/2\/2022\/04\/IMG_20210308_145413-scaled.jpg\" alt=\"\" class=\"wp-image-888\" srcset=\"http:\/\/bialydunajec.com.pl\/dla-turysty\/wp-content\/uploads\/sites\/2\/2022\/04\/IMG_20210308_145413-scaled.jpg 1920w, http:\/\/bialydunajec.com.pl\/dla-turysty\/wp-content\/uploads\/sites\/2\/2022\/04\/IMG_20210308_145413-506x675.jpg 506w, http:\/\/bialydunajec.com.pl\/dla-turysty\/wp-content\/uploads\/sites\/2\/2022\/04\/IMG_20210308_145413-1152x1536.jpg 1152w, http:\/\/bialydunajec.com.pl\/dla-turysty\/wp-content\/uploads\/sites\/2\/2022\/04\/IMG_20210308_145413-1536x2048.jpg 1536w\" sizes=\"auto, (max-width: 1920px) 100vw, 1920px\" \/><\/a><\/figure>\n\n\n\n<figure class=\"wp-block-image size-large is-style-default\"><a href=\"http:\/\/bialydunajec.com.pl\/dla-turysty\/wp-content\/uploads\/sites\/2\/2022\/04\/IMG_20210314_132440-scaled.jpg\" rel=\"lightbox[879]\"><img loading=\"lazy\" decoding=\"async\" width=\"1920\" height=\"2560\" data-id=\"889\" src=\"http:\/\/bialydunajec.com.pl\/dla-turysty\/wp-content\/uploads\/sites\/2\/2022\/04\/IMG_20210314_132440-scaled.jpg\" alt=\"\" class=\"wp-image-889\" srcset=\"http:\/\/bialydunajec.com.pl\/dla-turysty\/wp-content\/uploads\/sites\/2\/2022\/04\/IMG_20210314_132440-scaled.jpg 1920w, http:\/\/bialydunajec.com.pl\/dla-turysty\/wp-content\/uploads\/sites\/2\/2022\/04\/IMG_20210314_132440-506x675.jpg 506w, http:\/\/bialydunajec.com.pl\/dla-turysty\/wp-content\/uploads\/sites\/2\/2022\/04\/IMG_20210314_132440-1152x1536.jpg 1152w, http:\/\/bialydunajec.com.pl\/dla-turysty\/wp-content\/uploads\/sites\/2\/2022\/04\/IMG_20210314_132440-1536x2048.jpg 1536w\" sizes=\"auto, (max-width: 1920px) 100vw, 1920px\" \/><\/a><\/figure>\n\n\n\n<figure class=\"wp-block-image size-large is-style-default\"><a href=\"http:\/\/bialydunajec.com.pl\/dla-turysty\/wp-content\/uploads\/sites\/2\/2022\/04\/IMG_20210314_135428-scaled.jpg\" rel=\"lightbox[879]\"><img loading=\"lazy\" decoding=\"async\" width=\"1920\" height=\"2560\" data-id=\"890\" src=\"http:\/\/bialydunajec.com.pl\/dla-turysty\/wp-content\/uploads\/sites\/2\/2022\/04\/IMG_20210314_135428-scaled.jpg\" alt=\"\" class=\"wp-image-890\" srcset=\"http:\/\/bialydunajec.com.pl\/dla-turysty\/wp-content\/uploads\/sites\/2\/2022\/04\/IMG_20210314_135428-scaled.jpg 1920w, http:\/\/bialydunajec.com.pl\/dla-turysty\/wp-content\/uploads\/sites\/2\/2022\/04\/IMG_20210314_135428-506x675.jpg 506w, http:\/\/bialydunajec.com.pl\/dla-turysty\/wp-content\/uploads\/sites\/2\/2022\/04\/IMG_20210314_135428-1152x1536.jpg 1152w, http:\/\/bialydunajec.com.pl\/dla-turysty\/wp-content\/uploads\/sites\/2\/2022\/04\/IMG_20210314_135428-1536x2048.jpg 1536w\" sizes=\"auto, (max-width: 1920px) 100vw, 1920px\" \/><\/a><\/figure>\n\n\n\n<figure class=\"wp-block-image size-large is-style-default\"><a href=\"http:\/\/bialydunajec.com.pl\/dla-turysty\/wp-content\/uploads\/sites\/2\/2022\/04\/IMG_20210428_122906-scaled.jpg\" rel=\"lightbox[879]\"><img loading=\"lazy\" decoding=\"async\" width=\"1942\" height=\"2560\" data-id=\"891\" src=\"http:\/\/bialydunajec.com.pl\/dla-turysty\/wp-content\/uploads\/sites\/2\/2022\/04\/IMG_20210428_122906-scaled.jpg\" alt=\"\" class=\"wp-image-891\" srcset=\"http:\/\/bialydunajec.com.pl\/dla-turysty\/wp-content\/uploads\/sites\/2\/2022\/04\/IMG_20210428_122906-scaled.jpg 1942w, http:\/\/bialydunajec.com.pl\/dla-turysty\/wp-content\/uploads\/sites\/2\/2022\/04\/IMG_20210428_122906-512x675.jpg 512w, http:\/\/bialydunajec.com.pl\/dla-turysty\/wp-content\/uploads\/sites\/2\/2022\/04\/IMG_20210428_122906-1165x1536.jpg 1165w, http:\/\/bialydunajec.com.pl\/dla-turysty\/wp-content\/uploads\/sites\/2\/2022\/04\/IMG_20210428_122906-1554x2048.jpg 1554w\" sizes=\"auto, (max-width: 1942px) 100vw, 1942px\" \/><\/a><\/figure>\n\n\n\n<figure class=\"wp-block-image size-large is-style-default\"><a href=\"http:\/\/bialydunajec.com.pl\/dla-turysty\/wp-content\/uploads\/sites\/2\/2022\/04\/IMG_20210429_190636-scaled.jpg\" rel=\"lightbox[879]\"><img loading=\"lazy\" decoding=\"async\" width=\"1920\" height=\"2560\" data-id=\"892\" src=\"http:\/\/bialydunajec.com.pl\/dla-turysty\/wp-content\/uploads\/sites\/2\/2022\/04\/IMG_20210429_190636-scaled.jpg\" alt=\"\" class=\"wp-image-892\" srcset=\"http:\/\/bialydunajec.com.pl\/dla-turysty\/wp-content\/uploads\/sites\/2\/2022\/04\/IMG_20210429_190636-scaled.jpg 1920w, http:\/\/bialydunajec.com.pl\/dla-turysty\/wp-content\/uploads\/sites\/2\/2022\/04\/IMG_20210429_190636-506x675.jpg 506w, http:\/\/bialydunajec.com.pl\/dla-turysty\/wp-content\/uploads\/sites\/2\/2022\/04\/IMG_20210429_190636-1152x1536.jpg 1152w, http:\/\/bialydunajec.com.pl\/dla-turysty\/wp-content\/uploads\/sites\/2\/2022\/04\/IMG_20210429_190636-1536x2048.jpg 1536w\" sizes=\"auto, (max-width: 1920px) 100vw, 1920px\" \/><\/a><\/figure>\n\n\n\n<figure class=\"wp-block-image size-large is-style-default\"><a href=\"http:\/\/bialydunajec.com.pl\/dla-turysty\/wp-content\/uploads\/sites\/2\/2022\/04\/IMG_20210715_135357-scaled.jpg\" rel=\"lightbox[879]\"><img loading=\"lazy\" decoding=\"async\" width=\"1920\" height=\"2560\" data-id=\"893\" src=\"http:\/\/bialydunajec.com.pl\/dla-turysty\/wp-content\/uploads\/sites\/2\/2022\/04\/IMG_20210715_135357-scaled.jpg\" alt=\"\" class=\"wp-image-893\" srcset=\"http:\/\/bialydunajec.com.pl\/dla-turysty\/wp-content\/uploads\/sites\/2\/2022\/04\/IMG_20210715_135357-scaled.jpg 1920w, http:\/\/bialydunajec.com.pl\/dla-turysty\/wp-content\/uploads\/sites\/2\/2022\/04\/IMG_20210715_135357-506x675.jpg 506w, http:\/\/bialydunajec.com.pl\/dla-turysty\/wp-content\/uploads\/sites\/2\/2022\/04\/IMG_20210715_135357-1152x1536.jpg 1152w, http:\/\/bialydunajec.com.pl\/dla-turysty\/wp-content\/uploads\/sites\/2\/2022\/04\/IMG_20210715_135357-1536x2048.jpg 1536w\" sizes=\"auto, (max-width: 1920px) 100vw, 1920px\" \/><\/a><\/figure>\n\n\n\n<figure class=\"wp-block-image size-large is-style-default\"><a href=\"http:\/\/bialydunajec.com.pl\/dla-turysty\/wp-content\/uploads\/sites\/2\/2022\/04\/IMG_20210720_123534-scaled.jpg\" rel=\"lightbox[879]\"><img loading=\"lazy\" decoding=\"async\" width=\"2560\" height=\"1785\" data-id=\"894\" src=\"http:\/\/bialydunajec.com.pl\/dla-turysty\/wp-content\/uploads\/sites\/2\/2022\/04\/IMG_20210720_123534-scaled.jpg\" alt=\"\" class=\"wp-image-894\" srcset=\"http:\/\/bialydunajec.com.pl\/dla-turysty\/wp-content\/uploads\/sites\/2\/2022\/04\/IMG_20210720_123534-scaled.jpg 2560w, http:\/\/bialydunajec.com.pl\/dla-turysty\/wp-content\/uploads\/sites\/2\/2022\/04\/IMG_20210720_123534-968x675.jpg 968w, http:\/\/bialydunajec.com.pl\/dla-turysty\/wp-content\/uploads\/sites\/2\/2022\/04\/IMG_20210720_123534-1536x1071.jpg 1536w, http:\/\/bialydunajec.com.pl\/dla-turysty\/wp-content\/uploads\/sites\/2\/2022\/04\/IMG_20210720_123534-2048x1428.jpg 2048w\" sizes=\"auto, (max-width: 2560px) 100vw, 2560px\" \/><\/a><\/figure>\n\n\n\n<figure class=\"wp-block-image size-large is-style-default\"><a href=\"http:\/\/bialydunajec.com.pl\/dla-turysty\/wp-content\/uploads\/sites\/2\/2022\/04\/IMG_20210830_175544-scaled.jpg\" rel=\"lightbox[879]\"><img loading=\"lazy\" decoding=\"async\" width=\"2560\" height=\"1920\" data-id=\"895\" src=\"http:\/\/bialydunajec.com.pl\/dla-turysty\/wp-content\/uploads\/sites\/2\/2022\/04\/IMG_20210830_175544-scaled.jpg\" alt=\"\" class=\"wp-image-895\" srcset=\"http:\/\/bialydunajec.com.pl\/dla-turysty\/wp-content\/uploads\/sites\/2\/2022\/04\/IMG_20210830_175544-scaled.jpg 2560w, http:\/\/bialydunajec.com.pl\/dla-turysty\/wp-content\/uploads\/sites\/2\/2022\/04\/IMG_20210830_175544-900x675.jpg 900w, http:\/\/bialydunajec.com.pl\/dla-turysty\/wp-content\/uploads\/sites\/2\/2022\/04\/IMG_20210830_175544-1536x1152.jpg 1536w, http:\/\/bialydunajec.com.pl\/dla-turysty\/wp-content\/uploads\/sites\/2\/2022\/04\/IMG_20210830_175544-2048x1536.jpg 2048w\" sizes=\"auto, (max-width: 2560px) 100vw, 2560px\" \/><\/a><\/figure>\n\n\n\n<figure class=\"wp-block-image size-large is-style-default\"><a href=\"http:\/\/bialydunajec.com.pl\/dla-turysty\/wp-content\/uploads\/sites\/2\/2022\/04\/IMG_20211124_180932-scaled.jpg\" rel=\"lightbox[879]\"><img loading=\"lazy\" decoding=\"async\" width=\"2560\" height=\"1920\" data-id=\"896\" src=\"http:\/\/bialydunajec.com.pl\/dla-turysty\/wp-content\/uploads\/sites\/2\/2022\/04\/IMG_20211124_180932-scaled.jpg\" alt=\"\" class=\"wp-image-896\" srcset=\"http:\/\/bialydunajec.com.pl\/dla-turysty\/wp-content\/uploads\/sites\/2\/2022\/04\/IMG_20211124_180932-scaled.jpg 2560w, http:\/\/bialydunajec.com.pl\/dla-turysty\/wp-content\/uploads\/sites\/2\/2022\/04\/IMG_20211124_180932-900x675.jpg 900w, http:\/\/bialydunajec.com.pl\/dla-turysty\/wp-content\/uploads\/sites\/2\/2022\/04\/IMG_20211124_180932-1536x1152.jpg 1536w, http:\/\/bialydunajec.com.pl\/dla-turysty\/wp-content\/uploads\/sites\/2\/2022\/04\/IMG_20211124_180932-2048x1536.jpg 2048w\" sizes=\"auto, (max-width: 2560px) 100vw, 2560px\" \/><\/a><\/figure>\n<\/figure>\n","protected":false},"excerpt":{"rendered":"<p>Warsztaty artystyczne na Podhalu. Pracownia nad Rzek\u0105. Pracownia powsta\u0142a w 2010 w Bia\u0142ym Dunajcu, prowadzi warsztaty artystyczne dla dzieci, m\u0142odzie\u017cy i doros\u0142ych z terenu Podhala, a tak\u017ce dla turystycznych grup zorganizowanych (kolonii, oboz\u00f3w, wycieczek). Specjalizuje si\u0119 w zaj\u0119ciach z ceramiki, malarstwa na szkle, mozaiki, garncarstwa i innych dziedzin plastyki. W tematyce i formie prac cz\u0119sto&#8230;<\/p>\n","protected":false},"author":5,"featured_media":0,"parent":0,"menu_order":0,"comment_status":"closed","ping_status":"closed","template":"","meta":{"footnotes":""},"class_list":["post-879","page","type-page","status-publish","hentry"],"_links":{"self":[{"href":"http:\/\/bialydunajec.com.pl\/dla-turysty\/wp-json\/wp\/v2\/pages\/879","targetHints":{"allow":["GET"]}}],"collection":[{"href":"http:\/\/bialydunajec.com.pl\/dla-turysty\/wp-json\/wp\/v2\/pages"}],"about":[{"href":"http:\/\/bialydunajec.com.pl\/dla-turysty\/wp-json\/wp\/v2\/types\/page"}],"author":[{"embeddable":true,"href":"http:\/\/bialydunajec.com.pl\/dla-turysty\/wp-json\/wp\/v2\/users\/5"}],"replies":[{"embeddable":true,"href":"http:\/\/bialydunajec.com.pl\/dla-turysty\/wp-json\/wp\/v2\/comments?post=879"}],"version-history":[{"count":7,"href":"http:\/\/bialydunajec.com.pl\/dla-turysty\/wp-json\/wp\/v2\/pages\/879\/revisions"}],"predecessor-version":[{"id":944,"href":"http:\/\/bialydunajec.com.pl\/dla-turysty\/wp-json\/wp\/v2\/pages\/879\/revisions\/944"}],"wp:attachment":[{"href":"http:\/\/bialydunajec.com.pl\/dla-turysty\/wp-json\/wp\/v2\/media?parent=879"}],"curies":[{"name":"wp","href":"https:\/\/api.w.org\/{rel}","templated":true}]}}