{"id":951,"date":"2022-04-04T11:17:34","date_gmt":"2022-04-04T09:17:34","guid":{"rendered":"http:\/\/bialydunajec.com.pl\/dla-turysty\/?page_id=951"},"modified":"2022-04-04T11:17:34","modified_gmt":"2022-04-04T09:17:34","slug":"kola-gospodyn-wiejskich","status":"publish","type":"page","link":"http:\/\/bialydunajec.com.pl\/dla-turysty\/kola-gospodyn-wiejskich\/","title":{"rendered":"Ko\u0142a Gospody\u0144 Wiejskich"},"content":{"rendered":"\n<div style=\"height:15px\" aria-hidden=\"true\" class=\"wp-block-spacer\"><\/div>\n\n\n\n<p>Na terenie gminy aktywnie dzia\u0142aj\u0105 dwa Ko\u0142a Gospody\u0144 Wiejskich:<\/p>\n\n\n\n<ul class=\"wp-block-list\"><li>w Gliczarowie G\u00f3rnym <\/li><li>w Sierockiem<\/li><\/ul>\n\n\n\n<div style=\"height:10px\" aria-hidden=\"true\" class=\"wp-block-spacer\"><\/div>\n\n\n\n<figure class=\"wp-block-gallery has-nested-images columns-1 is-cropped wp-block-gallery-1 is-layout-flex wp-block-gallery-is-layout-flex\">\n<figure class=\"wp-block-image size-large is-style-default\"><img loading=\"lazy\" decoding=\"async\" width=\"1000\" height=\"752\" data-id=\"952\" src=\"http:\/\/bialydunajec.com.pl\/dla-turysty\/wp-content\/uploads\/sites\/2\/2022\/04\/KGW_Gliczarow_Gorny.jpg\" alt=\"\" class=\"wp-image-952\" srcset=\"http:\/\/bialydunajec.com.pl\/dla-turysty\/wp-content\/uploads\/sites\/2\/2022\/04\/KGW_Gliczarow_Gorny.jpg 1000w, http:\/\/bialydunajec.com.pl\/dla-turysty\/wp-content\/uploads\/sites\/2\/2022\/04\/KGW_Gliczarow_Gorny-898x675.jpg 898w\" sizes=\"auto, (max-width: 1000px) 100vw, 1000px\" \/><\/figure>\n<figcaption class=\"blocks-gallery-caption\">Cz\u0142onkinie Ko\u0142a Gospody\u0144 Wiejskich w Gliczarowie G\u00f3rnym<\/figcaption><\/figure>\n\n\n\n<div style=\"height:18px\" aria-hidden=\"true\" class=\"wp-block-spacer\"><\/div>\n\n\n\n<figure class=\"wp-block-gallery has-nested-images columns-default is-cropped wp-block-gallery-2 is-layout-flex wp-block-gallery-is-layout-flex\">\n<figure class=\"wp-block-image size-large is-style-default\"><img loading=\"lazy\" decoding=\"async\" width=\"810\" height=\"496\" data-id=\"953\" src=\"http:\/\/bialydunajec.com.pl\/dla-turysty\/wp-content\/uploads\/sites\/2\/2022\/04\/KGW_Sierockie.jpg\" alt=\"\" class=\"wp-image-953\"\/><\/figure>\n<figcaption class=\"blocks-gallery-caption\">Cz\u0142onkinie Ko\u0142a Gospody\u0144 Wiejskich w Sierockiem<\/figcaption><\/figure>\n\n\n\n<div style=\"height:15px\" aria-hidden=\"true\" class=\"wp-block-spacer\"><\/div>\n","protected":false},"excerpt":{"rendered":"<p>Na terenie gminy aktywnie dzia\u0142aj\u0105 dwa Ko\u0142a Gospody\u0144 Wiejskich: w Gliczarowie G\u00f3rnym w Sierockiem<\/p>\n","protected":false},"author":5,"featured_media":0,"parent":0,"menu_order":0,"comment_status":"closed","ping_status":"closed","template":"","meta":{"footnotes":""},"class_list":["post-951","page","type-page","status-publish","hentry"],"_links":{"self":[{"href":"http:\/\/bialydunajec.com.pl\/dla-turysty\/wp-json\/wp\/v2\/pages\/951","targetHints":{"allow":["GET"]}}],"collection":[{"href":"http:\/\/bialydunajec.com.pl\/dla-turysty\/wp-json\/wp\/v2\/pages"}],"about":[{"href":"http:\/\/bialydunajec.com.pl\/dla-turysty\/wp-json\/wp\/v2\/types\/page"}],"author":[{"embeddable":true,"href":"http:\/\/bialydunajec.com.pl\/dla-turysty\/wp-json\/wp\/v2\/users\/5"}],"replies":[{"embeddable":true,"href":"http:\/\/bialydunajec.com.pl\/dla-turysty\/wp-json\/wp\/v2\/comments?post=951"}],"version-history":[{"count":4,"href":"http:\/\/bialydunajec.com.pl\/dla-turysty\/wp-json\/wp\/v2\/pages\/951\/revisions"}],"predecessor-version":[{"id":957,"href":"http:\/\/bialydunajec.com.pl\/dla-turysty\/wp-json\/wp\/v2\/pages\/951\/revisions\/957"}],"wp:attachment":[{"href":"http:\/\/bialydunajec.com.pl\/dla-turysty\/wp-json\/wp\/v2\/media?parent=951"}],"curies":[{"name":"wp","href":"https:\/\/api.w.org\/{rel}","templated":true}]}}